{"id":706,"date":"2020-05-24T17:05:43","date_gmt":"2020-05-24T17:05:43","guid":{"rendered":"https:\/\/dentalpartners.cz\/?page_id=706"},"modified":"2025-01-25T07:49:10","modified_gmt":"2025-01-25T07:49:10","slug":"uvodni-stranka","status":"publish","type":"page","link":"https:\/\/dentalpartners.cz\/en\/","title":{"rendered":"\u00davodn\u00ed str\u00e1nka"},"content":{"rendered":"\n<p class=\"has-text-align-center\"><\/p>\n\n\n\n<p><\/p>\n\n\n\n<p><\/p>\n\n\n\n<h2 class=\"wp-block-heading has-text-align-center\" id=\"sluzby\">Na\u0161e slu\u017eby<\/h2>\n\n\n\n<p class=\"has-text-align-center\">Na\u0161e zubn\u00ed ordinace poskytuje celou \u0159adu slu\u017eeb:<\/p>\n\n\n\n<div id='services'>\n<div class='panel'>\n<div class='item'><a href='\/sluzby\/#beleni-zubu'>\n\n<img decoding=\"async\" class=\"right\" src=\"https:\/\/dentalpartners.cz\/wp-content\/uploads\/2020\/05\/icon_1.png\" alt=\"\">\n<div class=\"left\">\n<h3>B\u011blen\u00ed zub\u016f<\/h3>\n<p>Barevn\u00e9 nedokonalosti zub\u016f lze \u0159e\u0161it dom\u00e1c\u00edm, ordina\u010dn\u00edm nebo vnit\u0159n\u00edm b\u011blen\u00edm, kter\u00e9 rozz\u00e1\u0159\u00ed v\u00e1\u0161 \u00fasm\u011bv.<\/p>\n<\/div>\n\n<\/a><\/div> \n\n<div class='item'><a href='\/sluzby\/#dentalni-hygiena'>\n\n<img decoding=\"async\" class=\"left\" src=\"https:\/\/dentalpartners.cz\/wp-content\/uploads\/2020\/05\/icon_5.png\" alt=\"\">\n<div class=\"right\">\n<h3>Dent\u00e1ln\u00ed hygiena<\/h3>\n<p>Pravideln\u00e1 dent\u00e1ln\u00ed hygiena a spr\u00e1vn\u00e1 p\u00e9\u010de o zuby zajist\u00ed zdrav\u00fd a z\u00e1\u0159iv\u00fd \u00fasm\u011bv.<\/p>\n<\/div>\n\n<\/a><\/div> \n<\/div>\n\n<div class='panel'>\n<div class='item'><a href='\/sluzby\/#estetick\u00e1-stomatologie'>\n\n<img decoding=\"async\" class=\"right\" src=\"https:\/\/dentalpartners.cz\/wp-content\/uploads\/2020\/05\/icon_2.png\" alt=\"\">\n<div class=\"left\">\n<h3>Estetick\u00e1 stomatologie<\/h3>\n<p>Navrhneme v\u00e1m \u0159e\u0161en\u00ed dle va\u0161ich individu\u00e1ln\u00edch pot\u0159eb, v\u010detn\u011b kompozit\u016f, korunek \u010di implant\u00e1t\u016f.<\/p>\n<\/div>\n\n<\/a><\/div>\n\n<div class='item'><a href='\/sluzby\/#osetreni-zubu-s-mikroskopem'>\n\n<img decoding=\"async\" class=\"left\" src=\"https:\/\/dentalpartners.cz\/wp-content\/uploads\/2020\/05\/icon_6.png\" alt=\"\">\n<div class=\"right\">\n<h3>O\u0161et\u0159en\u00ed zub\u016f s mikroskopem<\/h3>\n<p>Nab\u00edz\u00edme \u0161etrn\u00e9 a bezbolestn\u00e9 endodontick\u00e9 o\u0161et\u0159en\u00ed dle va\u0161ich individu\u00e1ln\u00edch pot\u0159eb, s pou\u017eit\u00edm modern\u00edch technologi\u00ed.<\/p>\n<\/div>\n\n<\/a><\/div>\n<\/div>\n\n<div class='panel'>\n<div class='item'><a href='\/sluzby\/#zubni-nahrady'>\n\n<img decoding=\"async\" class=\"right\" src=\"https:\/\/dentalpartners.cz\/wp-content\/uploads\/2020\/05\/icon_3.png\" alt=\"\">\n<div class=\"left\">\n<h3>Protetick\u00e9 o\u0161et\u0159en\u00ed<\/h3>\n<p>Nab\u00edz\u00edme efektivn\u00ed a individu\u00e1ln\u00ed \u0159e\u0161en\u00ed v\u011bt\u0161\u00edch defekt\u016f zub\u016f, v\u010detn\u011b fixn\u00edch a sn\u00edmateln\u00fdch n\u00e1hrad.<\/p>\n<\/div>\n\n<\/a><\/div>\n\n<div class='item'><a href='\/sluzby\/#parodontologie'>\n\n<img decoding=\"async\" class=\"left\" src=\"https:\/\/dentalpartners.cz\/wp-content\/uploads\/2020\/05\/icon_7.png\" alt=\"\">\n<div class=\"right\">\n<h3>Parodontologie<\/h3>\n<p>Nab\u00edz\u00edme efektivn\u00ed prevenci a l\u00e9\u010dbu parodontitidy, kter\u00e1 m\u016f\u017ee zachr\u00e1nit va\u0161e zuby. R\u00e1di v\u00e1m porad\u00edme s individu\u00e1ln\u00edm \u0159e\u0161en\u00edm va\u0161ich probl\u00e9m\u016f s d\u00e1sn\u011bmi.<\/p>\n<\/div>\n\n<\/a><\/div>\n<\/div>\n\n<div class='panel'>\n<div class='item'><a href='\/sluzby\/#zubni-implant\u00e1ty'>\n\n<img decoding=\"async\" class=\"right\" src=\"https:\/\/dentalpartners.cz\/wp-content\/uploads\/2020\/05\/icon_4.png\" alt=\"\">\n<div class=\"left\">\n<h3>Zubn\u00ed implant\u00e1ty<\/h3>\n<p>Z implantace net\u0159eba m\u00edt strach. Nab\u00edz\u00edme \u0159e\u0161en\u00ed pro nahrazen\u00ed jednoho nebo v\u00edce zub\u016f pomoc\u00ed implant\u00e1t\u016f, kter\u00e9 jsou bezpe\u010dn\u00e9 a biokompatibiln\u00ed, s bezbolestn\u00fdm postupem a vysokou \u00fasp\u011b\u0161nost\u00ed.<\/p>\n<\/div>\n\n<\/a><\/div>\n\n<div class='item'><a href='\/sluzby\/#chirurgie'>\n\n<img decoding=\"async\" class=\"left\" src=\"https:\/\/dentalpartners.cz\/wp-content\/uploads\/2020\/05\/icon_8.png\" alt=\"\">\n<div class=\"right\">\n<h3>Chirurgie<\/h3>\n<p>Nab\u00edz\u00edme \u0161etrn\u00e9 a bezbolestn\u00e9 chirurgick\u00e9 z\u00e1kroky, v\u010detn\u011b dopln\u011bn\u00ed kosti, plastiky d\u00e1sn\u00ed a parodontologick\u00fdch operac\u00ed, v\u017edy s d\u016frazem na minim\u00e1ln\u00ed stres a maxim\u00e1ln\u00ed preciznost.<\/p>\n<\/div>\n\n<\/a><\/div>\n<\/div>\n<\/div>\n\n\n\n<div class=\"wp-block-query is-layout-flow wp-block-query-is-layout-flow\"><ul class=\"columns-1 wp-block-post-template is-layout-grid wp-container-core-post-template-is-layout-f9ac393c wp-block-post-template-is-layout-grid\"><li class=\"wp-block-post post-1218 post type-post status-publish format-standard hentry category-uncategorized\"><\/li><\/ul><\/div>\n\n\n\n<div class='big_box'>\n\n\n<div class=\"wp-block-image content_image left\">\n<figure class=\"alignleft size-large\"><img loading=\"lazy\" decoding=\"async\" width=\"932\" height=\"839\" src=\"https:\/\/dentalpartners.cz\/wp-content\/uploads\/2020\/05\/who_we_are.png\" alt=\"\" class=\"wp-image-821\" srcset=\"https:\/\/dentalpartners.cz\/wp-content\/uploads\/2020\/05\/who_we_are.png 932w, https:\/\/dentalpartners.cz\/wp-content\/uploads\/2020\/05\/who_we_are-300x270.png 300w, https:\/\/dentalpartners.cz\/wp-content\/uploads\/2020\/05\/who_we_are-768x691.png 768w\" sizes=\"auto, (max-width: 932px) 100vw, 932px\" \/><\/figure><\/div>\n\n\n<div class='content_panel right'>\n\n\n\n<h2 class=\"wp-block-heading\" id=\"kdo-jsme\">Kdo jsme?<\/h2>\n\n\n\n<p>Jsme profesion\u00e1ln\u00ed stomatologick\u00fd t\u00fdm. Pracujeme pod veden\u00edm zku\u0161en\u00e9ho l\u00e9ka\u0159e s v\u00edce ne\u017e 15 lety praxe. Poskytujeme \u0161irok\u00e9 spektrum stomatologick\u00e9 p\u00e9\u010de na vysok\u00e9 \u00farovni. V\u011bnujeme se z\u00e1chovn\u00e9 stomatologii (zhotoven\u00ed fotokompozitn\u00edch v\u00fdpln\u00ed), endodoncii (o\u0161et\u0159en\u00ed ko\u0159enov\u00fdch kan\u00e1lk\u016f pod mikroskopem), implantologii, \u0159e\u0161en\u00ed parodontologick\u00fdch probl\u00e9m\u016f a samoz\u0159ejm\u011b tak\u00e9 dent\u00e1ln\u00ed hygien\u011b.&nbsp;<\/p>\n\n\n\n<p>Nab\u00edz\u00edme bezbolestn\u00e9 a vysoce kvalitn\u00ed o\u0161et\u0159en\u00ed, komfort a klademe d\u016fraz na individu\u00e1ln\u00ed p\u0159\u00edstup ke ka\u017ed\u00e9mu klientovi.<\/p>\n\n\n\n<\/div>\n\n\n\n<hr class=\"wp-block-separator has-css-opacity\"\/>\n\n\n\n<\/div>\n<div class='small_box'>\n\n\n\n<hr class=\"wp-block-separator has-css-opacity\"\/>\n\n\n\n<h2 class=\"wp-block-heading\">Cen\u00edk slu\u017eeb<\/h2>\n\n\n\n<figure class=\"wp-block-table expand_table\"><table><tbody><tr><td class=\"has-text-align-left\" data-align=\"left\">Konzultace, zpracov\u00e1n\u00ed l\u00e9\u010debn\u00e9ho pl\u00e1nu modern\u00edch v\u00fdkon\u016f nehrazen\u00fdch ZP, mikroskopick\u00e9 vy\u0161et\u0159en\u00ed<\/td><td class=\"has-text-align-left\" data-align=\"left\">900 K\u010d<\/td><\/tr><tr><td class=\"has-text-align-left\" data-align=\"left\">Implantologick\u00e1 konzultace<\/td><td class=\"has-text-align-left\" data-align=\"left\">900 K\u010d <\/td><\/tr><tr><td class=\"has-text-align-left\" data-align=\"left\">Kompletn\u00ed dent\u00e1ln\u00ed hygiena: Air-flow (odstran\u011bn\u00ed pigmentace) + profesion\u00e1ln\u00ed \u010di\u0161t\u011bn\u00ed zub\u016f ultrazvukem\/ru\u010dn\u00edmi n\u00e1stroji<\/td><td class=\"has-text-align-left\" data-align=\"left\">od 1 700 K\u010d<\/td><\/tr><tr><td class=\"has-text-align-left\" data-align=\"left\">Kompletn\u00ed podrobn\u00e1 instrukt\u00e1\u017e \u010di\u0161t\u011bn\u00ed zub\u016f, demonstrace na modelu, n\u00e1cvik v \u00fastech pacienta + pom\u016fcky <\/td><td class=\"has-text-align-left\" data-align=\"left\">od 950 K\u010d <\/td><\/tr><tr><td class=\"has-text-align-left\" data-align=\"left\">B\u011blen\u00ed zub\u016f dom\u00e1c\u00ed<\/td><td class=\"has-text-align-left\" data-align=\"left\">od 5 300 K\u010d<\/td><\/tr><tr><td class=\"has-text-align-left\" data-align=\"left\">Parodontologick\u00e9 o\u0161et\u0159en\u00ed (\u010di\u0161t\u011bn\u00ed parodont\u00e1ln\u00edch chobot\u016f, d\u0159\u00edve zn\u00e1m\u00e1 jako kyret\u00e1\u017e) v z\u00e1vislosti na rozsahu po\u0161kozen\u00ed parodontu<\/td><td class=\"has-text-align-left\" data-align=\"left\">od 3500 K\u010d\/\u010delist <\/td><\/tr><tr><td class=\"has-text-align-left\" data-align=\"left\">Fotokompozitn\u00ed estetick\u00e1 v\u00fdpl\u0148 b\u00edl\u00e1 (plomba b\u00edla trval\u00e1)<\/td><td class=\"has-text-align-left\" data-align=\"left\">od 2 400 K\u010d <\/td><\/tr><tr><td class=\"has-text-align-left\" data-align=\"left\">Skloionomern\u00ed v\u00fdpl\u0148 b\u00edl\u00e1 (plomba b\u00edla dlouhodob\u011b do\u010dasn\u00e1)<\/td><td class=\"has-text-align-left\" data-align=\"left\">od 1 020 K\u010d <\/td><\/tr><tr><td class=\"has-text-align-left\" data-align=\"left\">O\u0161et\u0159en\u00ed s opera\u010dn\u00edm mikroskopem<\/td><td class=\"has-text-align-left\" data-align=\"left\">od 560 K\u010d <\/td><\/tr><tr><td class=\"has-text-align-left\" data-align=\"left\">Provizorn\u00ed o\u0161et\u0159en\u00ed ko\u0159enov\u00fdch kan\u00e1lk\u016f (endodontick\u00e9 o\u0161et\u0159en\u00ed, modern\u00ed strojov\u00e9 opracov\u00e1n\u00ed)<\/td><td class=\"has-text-align-left\" data-align=\"left\">od 1 330 K\u010d <\/td><\/tr><tr><td class=\"has-text-align-left\" data-align=\"left\">Definitivn\u00ed o\u0161et\u0159en\u00ed ko\u0159enov\u00fdch kan\u00e1lk\u016f (endodontick\u00e9 o\u0161et\u0159en\u00ed, modern\u00ed strojov\u00e9 opracov\u00e1n\u00ed)<\/td><td class=\"has-text-align-left\" data-align=\"left\">od 1 850 K\u010d <\/td><\/tr><tr><td class=\"has-text-align-left\" data-align=\"left\">Zubn\u00ed korunka metalokeramick\u00e1<\/td><td class=\"has-text-align-left\" data-align=\"left\">od 12 000 K\u010d <\/td><\/tr><tr><td class=\"has-text-align-left\" data-align=\"left\">Zubn\u00ed korunka celokeramick\u00e1, zirkonov\u00e1<\/td><td class=\"has-text-align-left\" data-align=\"left\">od 12 000 K\u010d <\/td><\/tr><tr><td class=\"has-text-align-left\" data-align=\"left\">Sn\u00edmateln\u00e1 bezkovov\u00e1 n\u00e1hrada Deflex, Flexite, Vertix<\/td><td class=\"has-text-align-left\" data-align=\"left\">od 10 000 K\u010d <\/td><\/tr><tr><td class=\"has-text-align-left\" data-align=\"left\">Zaveden\u00ed zubn\u00edho implant\u00e1tu<\/td><td class=\"has-text-align-left\" data-align=\"left\">od 14 300 K\u010d <\/td><\/tr><\/tbody><\/table><\/figure>\n\n\n<button class='table_detail' onclick='expandTable()'>v<\/button>\n\n\n\n<hr class=\"wp-block-separator has-css-opacity\"\/>\n\n\n\n<h2 class=\"wp-block-heading\">Na\u0161e vybaven\u00ed<\/h2>\n\n\n\n<p>Pro ur\u010den\u00ed diagn\u00f3zy pou\u017e\u00edv\u00e1me nejspolehliv\u011bj\u0161\u00ed postupy. Vyu\u017e\u00edv\u00e1me modern\u00ed za\u0159\u00edzen\u00ed v\u010detn\u011b opera\u010dn\u00edho mikroskopu a CBCT 3D rentgenu umo\u017e\u0148uj\u00edc\u00edho nejen zhotoven\u00ed velk\u00e9ho panoramatick\u00e9ho sn\u00edmku OPG, ale tak\u00e9 3D sn\u00edmk\u016f, pomoc\u00ed kter\u00fdch lze nap\u0159. precizn\u011b napl\u00e1novat implantaci.<\/p>\n\n\n\n<\/div>\n\n\n<script type=\"text\/javascript\">\r\ndocument.addEventListener(\"DOMContentLoaded\", function(event) { \r\n\tjQuery( '#slider-pro-3-827' ).sliderPro({\r\n\t\t\/\/width\r\n\t\t\t\twidth: 700,\r\n\t\t\t\t\r\n\t\t\/\/height\r\n\t\t\t\theight: 700,\r\n\t\t\t\t\r\n\t\t\/\/auto play\r\n\t\t\t\tautoplay:  true,\r\n\t\tautoplayOnHover: 'none',\r\n\t\t\t\t\t\t\t\tautoplayDelay: 5000,\r\n\t\t\r\n\t\t\r\n\t\tarrows: true,\r\n\t\tbuttons: true,\r\n\t\tsmallSize: 500,\r\n\t\tmediumSize: 1000,\r\n\t\tlargeSize: 3000,\r\n\t\tfade: true,\r\n\t\t\r\n\t\t\/\/thumbnail\r\n\t\tthumbnailArrows: true,\r\n\t\tthumbnailWidth: 120,\r\n\t\tthumbnailHeight: 120,\r\n\t\t\t\t\t\tthumbnailsPosition: 'bottom',\r\n\t\t\t\t\t\tcenterImage: true,\r\n\t\timageScaleMode: 'cover',\r\n\t\tallowScaleUp: true,\r\n\t\t\t\tstartSlide: 0,\r\n\t\tloop: true,\r\n\t\tslideDistance: 10,\r\n\t\tautoplayDirection: 'normal',\r\n\t\ttouchSwipe: true,\r\n\t\tfullScreen: false,\r\n\t});\r\n});\r\n<\/script>\r\n\r\n\t\t<div id=\"slider-pro-3-827\" class=\"slider-pro\">\r\n\t\t\t<!---- slides div start ---->\r\n\t\t\t<div class=\"sp-slides\">\r\n\t\t\t\t\t\t\t\t\t\t<div class=\"sp-slide\">\r\n\t\t\t\t\t\t\t<img decoding=\"async\" class=\"sp-image\" loading=\"lazy\" alt=\"Opera\u010dn\u00ed mikroskop Flexion CJ Optik\" src=\"https:\/\/dentalpartners.cz\/wp-content\/plugins\/ultimate-responsive-image-slider\/assets\/css\/images\/blank.gif\" data-src=\"https:\/\/dentalpartners.cz\/wp-content\/uploads\/2020\/05\/mikroskop-1.jpg\" \/>\r\n\r\n\t\t\t\t\t\t\t\t\t\t\t\t\t\t<p class=\"sp-layer sp-white sp-padding title-in title-in-bg hide-small-screen\"\r\n\t\t\t\t\t\t\t\tdata-position=\"bottomCenter\"\r\n\t\t\t\t\t\t\t\tdata-vertical=\"12%\"\r\n\t\t\t\t\t\t\t\tdata-show-transition=\"left\" data-show-delay=\"500\">\r\n\t\t\t\t\t\t\t\tOpera\u010dn\u00ed mikroskop Flexion CJ Optik\t\t\t\t\t\t\t<\/p>\r\n\t\t\t\t\t\t\t\r\n\t\t\t\t\t\t\t\t\t\t\t\t\t<\/div>\r\n\t\t\t\t\t\t\t\t\t\t\t\t<div class=\"sp-slide\">\r\n\t\t\t\t\t\t\t<img decoding=\"async\" class=\"sp-image\" loading=\"lazy\" alt=\"CBCT 3D rentgen Vatech\" src=\"https:\/\/dentalpartners.cz\/wp-content\/plugins\/ultimate-responsive-image-slider\/assets\/css\/images\/blank.gif\" data-src=\"https:\/\/dentalpartners.cz\/wp-content\/uploads\/2020\/05\/CT-Vatech-1.jpg\" \/>\r\n\r\n\t\t\t\t\t\t\t\t\t\t\t\t\t\t<p class=\"sp-layer sp-white sp-padding title-in title-in-bg hide-small-screen\"\r\n\t\t\t\t\t\t\t\tdata-position=\"bottomCenter\"\r\n\t\t\t\t\t\t\t\tdata-vertical=\"12%\"\r\n\t\t\t\t\t\t\t\tdata-show-transition=\"left\" data-show-delay=\"500\">\r\n\t\t\t\t\t\t\t\tCBCT 3D rentgen Vatech\t\t\t\t\t\t\t<\/p>\r\n\t\t\t\t\t\t\t\r\n\t\t\t\t\t\t\t\t\t\t\t\t\t<\/div>\r\n\t\t\t\t\t\t\t\t\t<\/div>\r\n\t\t\t\r\n\t\t\t<!---- slides div end ---->\r\n\t\t\t\t\t\t<!-- slides thumbnails div start -->\r\n\t\t\t<div class=\"sp-thumbnails\">\r\n\t\t\t\t\t\t\t\t\t\t<img decoding=\"async\" class=\"sp-thumbnail\" loading=\"lazy\" src=\"https:\/\/dentalpartners.cz\/wp-content\/plugins\/ultimate-responsive-image-slider\/assets\/img\/loading.gif\" data-src=\"https:\/\/dentalpartners.cz\/wp-content\/uploads\/2020\/05\/mikroskop-1-300x300.jpg\" alt=\"Opera\u010dn\u00ed mikroskop Flexion CJ Optik\"\/>\r\n\t\t\t\t\t\t\t\t\t\t\t<img decoding=\"async\" class=\"sp-thumbnail\" loading=\"lazy\" src=\"https:\/\/dentalpartners.cz\/wp-content\/plugins\/ultimate-responsive-image-slider\/assets\/img\/loading.gif\" data-src=\"https:\/\/dentalpartners.cz\/wp-content\/uploads\/2020\/05\/CT-Vatech-1-300x300.jpg\" alt=\"CBCT 3D rentgen Vatech\"\/>\r\n\t\t\t\t\t\t\t\t<\/div>\r\n\t\t\t\t\t\t<!-- slides thumbnails div end -->\r\n\t\t<\/div>\r\n\t\t<style>\r\n\/* Layout 3 *\/\r\n\/* border *\/\r\n#slider-pro-3-827 .sp-selected-thumbnail {\r\n\tborder: 4px solid #1995c9;\r\n}\r\n\r\n\/* font + color *\/\r\n.title-in  {\r\n\tfont-family: Arial !important;\r\n\tcolor: #000000 !important;\r\n\tbackground-color: #1995c9 !important;\r\n\topacity: 0.7 !important;\r\n}\r\n.desc-in  {\r\n\tfont-family: Arial !important;\r\n\tcolor: #000000 !important;\r\n\tbackground-color: #81d742 !important;\r\n\topacity: 0.7 !important;\r\n}\r\n\r\n\/* bullets color *\/\r\n.sp-button  {\r\n\tborder: 2px solid #81d742 !important;\r\n}\r\n.sp-selected-button  {\r\n\tbackground-color: #81d742 !important;\r\n}\r\n\r\n\/* pointer color - bottom *\/\r\n.sp-selected-thumbnail::before {\r\n\tborder-bottom: 5px solid #1995c9 !important;\r\n}\r\n.sp-selected-thumbnail::after {\r\n\tborder-bottom: 13px solid #1995c9 !important;\r\n}\r\n\r\n\/* pointer color - top *\/\r\n\r\n\/* full screen icon *\/\r\n.sp-full-screen-button::before {\r\n    color: #1995c9 !important;\r\n}\r\n\r\n\/* hover navigation icon color *\/\r\n.sp-next-arrow::after, .sp-next-arrow::before {\r\n\tbackground-color: #1995c9 !important;\r\n}\r\n.sp-previous-arrow::after, .sp-previous-arrow::before {\r\n\tbackground-color: #1995c9 !important;\r\n}\r\n\r\n#slider-pro-3-827 .title-in {\r\n\tcolor: #000000 !important;\r\n\tfont-weight: bolder;\r\n\ttext-align: center;\r\n}\r\n\r\n#slider-pro-3-827 .title-in-bg {\r\n\tbackground: rgba(255, 255, 255, 0.7); !important;\r\n\twhite-space: unset !important;\r\n\ttransform: initial !important;\r\n\t-webkit-transform: initial !important;\r\n\tfont-size: 14px !important;\r\n}\r\n\r\n#slider-pro-3-827 .desc-in {\r\n\tcolor: #000000 !important;\r\n\ttext-align: center;\r\n}\r\n#slider-pro-3-827 .desc-in-bg {\r\n\tbackground: rgba(#81d742, 0.7) !important;\r\n\twhite-space: unset !important;\r\n\ttransform: initial !important;\r\n\t-webkit-transform: initial !important;\r\n\tfont-size: 13px !important;\r\n}\r\n\r\n@media (max-width: 640px) {\r\n\t#slider-pro-3-827 .hide-small-screen {\r\n\t\tdisplay: none;\r\n\t}\r\n}\r\n\r\n@media (max-width: 860px) {\r\n\t#slider-pro-3-827 .sp-layer {\r\n\t\tfont-size: 18px;\r\n\t}\r\n\t\r\n\t#slider-pro-3-827 .hide-medium-screen {\r\n\t\tdisplay: none;\r\n\t}\r\n}\r\n.slides-not-found {\r\n\tbackground-color: #a92929;\r\n\tborder-radius: 5px;\r\n\tcolor: #fff;\r\n\tfont-family: initial;\r\n\ttext-align: center;\r\n\tpadding:12px;\r\n}\r\n\/* Custom CSS *\/\r\n<\/style>\r\n\n\n\n\n<p><\/p>\n\n\n\n<div class='big_box'>\n\n\n<div class=\"wp-block-image content_image right\">\n<figure class=\"alignright size-large\"><img loading=\"lazy\" decoding=\"async\" width=\"860\" height=\"790\" src=\"https:\/\/dentalpartners.cz\/wp-content\/uploads\/2020\/05\/our_aim_image.png\" alt=\"\" class=\"wp-image-820\" srcset=\"https:\/\/dentalpartners.cz\/wp-content\/uploads\/2020\/05\/our_aim_image.png 860w, https:\/\/dentalpartners.cz\/wp-content\/uploads\/2020\/05\/our_aim_image-300x276.png 300w, https:\/\/dentalpartners.cz\/wp-content\/uploads\/2020\/05\/our_aim_image-768x705.png 768w\" sizes=\"auto, (max-width: 860px) 100vw, 860px\" \/><\/figure><\/div>\n\n\n<div class='content_panel left'>\n\n\n\n<h2 class=\"wp-block-heading\">Na\u0161e c\u00edle<\/h2>\n\n\n\n<p>Na\u0161\u00edm c\u00edlem je neust\u00e1l\u00e9 zkvalit\u0148ov\u00e1n\u00ed poskytovan\u00fdch slu\u017eeb a co nejlep\u0161\u00ed p\u00e9\u010de o V\u00e1\u0161 chrup v maxim\u00e1ln\u00edm pohodl\u00ed. K tomu p\u0159isp\u00edv\u00e1 mimo jin\u00e9 tak\u00e9 empatick\u00fd p\u0159\u00edstup na\u0161eho t\u00fdmu, jeho \u010dasov\u00e1 flexibilita a v neposledn\u00ed \u0159ad\u011b i p\u0159\u00edjemn\u00e9 prost\u0159ed\u00ed.<\/p>\n\n\n\n<p>V na\u0161ich ordinac\u00edch je pravidlem, abyste p\u0159i jak\u00e9mkoliv v\u00fdkonu nepoci\u0165ovali bolest a c\u00edtili se komfortn\u011b.<\/p>\n\n\n\n<p>U n\u00e1s budete pln\u011b informov\u00e1ni o pl\u00e1novan\u00fdch z\u00e1kroc\u00edch a jejich finan\u010dn\u00ed n\u00e1ro\u010dnosti.<\/p>\n\n\n\n<p>V p\u0159\u00edpad\u011b dotaz\u016f V\u00e1m je k dispozici recep\u010dn\u00ed na telefonn\u00edm \u010d\u00edsle 773 453 803. Rovn\u011b\u017e m\u016f\u017eete vyu\u017e\u00edt n\u00e1\u0161 kontaktn\u00ed formul\u00e1\u0159 .<\/p>\n\n\n\n<\/div>\n\n\n\n<hr class=\"wp-block-separator has-css-opacity\"\/>\n\n\n\n<\/div>\n\n\n\n<div id='team'>\n<div class='big_box'>\n\n\n\n<h2 class=\"wp-block-heading\">O va\u0161e zuby pe\u010duj\u00ed<\/h2>\n\n\n\n<hr class=\"wp-block-separator has-css-opacity\"\/>\n\n\n\n<div class='member'>\n\n\n\n<figure class=\"wp-block-image\"><img decoding=\"async\" src=\"https:\/\/dentalpartners.cz\/wp-content\/uploads\/2020\/05\/Komlev-300x300.jpg\" alt=\"\" class=\"wp-image-799\"\/><\/figure>\n\n\n\n<p><\/p>\n\n\n\n<h3 class=\"wp-block-heading\">MDDr. Maxim Komlev<\/h3>\n\n\n\n<p>Vedouc\u00ed zubn\u00ed l\u00e9ka\u0159<\/p>\n\n\n\n<\/div>\n\n\n\n<div class='member'>\n\n\n\n<figure class=\"wp-block-image\"><img loading=\"lazy\" decoding=\"async\" width=\"300\" height=\"300\" src=\"https:\/\/dentalpartners.cz\/wp-content\/uploads\/2020\/06\/machova-1-300x300.jpg\" alt=\"machova\" class=\"wp-image-896\" srcset=\"https:\/\/dentalpartners.cz\/wp-content\/uploads\/2020\/06\/machova-1-300x300.jpg 300w, https:\/\/dentalpartners.cz\/wp-content\/uploads\/2020\/06\/machova-1-1024x1024.jpg 1024w, https:\/\/dentalpartners.cz\/wp-content\/uploads\/2020\/06\/machova-1-150x150.jpg 150w, https:\/\/dentalpartners.cz\/wp-content\/uploads\/2020\/06\/machova-1-768x768.jpg 768w, https:\/\/dentalpartners.cz\/wp-content\/uploads\/2020\/06\/machova-1-1536x1536.jpg 1536w, https:\/\/dentalpartners.cz\/wp-content\/uploads\/2020\/06\/machova-1-2048x2048.jpg 2048w\" sizes=\"auto, (max-width: 300px) 100vw, 300px\" \/><\/figure>\n\n\n\n<p><\/p>\n\n\n\n<h3 class=\"wp-block-heading\">Bc. Kate\u0159ina Machov\u00e1<\/h3>\n\n\n\n<p>Zubn\u00ed asistentka<\/p>\n\n\n\n<\/div>\n<div class='member'>\n\n\n\n<figure class=\"wp-block-image\"><img loading=\"lazy\" decoding=\"async\" width=\"300\" height=\"300\" src=\"https:\/\/dentalpartners.cz\/wp-content\/uploads\/2020\/06\/konecna-1-300x300.jpg\" alt=\"konecna\" class=\"wp-image-894\" srcset=\"https:\/\/dentalpartners.cz\/wp-content\/uploads\/2020\/06\/konecna-1-300x300.jpg 300w, https:\/\/dentalpartners.cz\/wp-content\/uploads\/2020\/06\/konecna-1-1024x1024.jpg 1024w, https:\/\/dentalpartners.cz\/wp-content\/uploads\/2020\/06\/konecna-1-150x150.jpg 150w, https:\/\/dentalpartners.cz\/wp-content\/uploads\/2020\/06\/konecna-1-768x768.jpg 768w, https:\/\/dentalpartners.cz\/wp-content\/uploads\/2020\/06\/konecna-1-1536x1536.jpg 1536w, https:\/\/dentalpartners.cz\/wp-content\/uploads\/2020\/06\/konecna-1-2048x2048.jpg 2048w\" sizes=\"auto, (max-width: 300px) 100vw, 300px\" \/><\/figure>\n\n\n\n<p><\/p>\n\n\n\n<h3 class=\"wp-block-heading\">Kate\u0159ina Kone\u010dn\u00e1<\/h3>\n\n\n\n<p>Zubn\u00ed asistentka<\/p>\n\n\n\n<\/div>\n\n\n\n<\/div>\n<\/div>\n\n\n\n<div class='big_box'>\n\n\n\n<h2 class=\"wp-block-heading\" id=\"kontakt\">Bu\u010fme v kontaktu<\/h2>\n\n\n\n<hr class=\"wp-block-separator has-css-opacity\"\/>\n\n\n\n\n        <hr class='cleaner' \/>\n\t\t<div class='content_panel left'>\n\t\t\t<div id='contact_logo'><\/div>\n\t\t\t<div id='contact'>\n\t\t\t\t<div class='contact_item'>\n\t\t\t\t\t<p class='description'>Send mail<\/p>\n\t\t\t\t\t<p class='value'><a href='mailto:info@dentalpartners.cz'>info@dentalpartners.cz<\/a><\/p>\n\t\t\t\t<\/div>\n\n\t\t\t\t<div class='contact_item'>\n\t\t\t\t\t<p class='description'>Call us<\/p>\n\t\t\t\t\t<p class='value'><a onclick='return gtag_report_conversion(\"tel:+420 773 453 803\");' href='tel:+420 773 453 803'>+420 773 453 803<\/a><\/p>\n\t\t\t\t<\/div>\n\n\t\t\t\t<div class='contact_item'>\n\t\t\t\t\t<p class='description'>Office hours<\/p>\n\t\t\t\t\t<p class='value'>MON: 8:00 - 20:00<\/p>\n\t\t\t\t\t<p class='value'>TUE: 8:00 - 20:00<\/p>\n\t\t\t\t\t<p class='value'>WED: 8:00 - 20:00<\/p>\n\t\t\t\t\t<p class='value'>THU: 8:00 - 20:00<\/p>\n\t\t\t\t\t<p class='value'>FRI: 8:00 - 15:00<\/p>\n\t\t\t\t\t<p class='value'>SAT: -<\/p>\n\t\t\t\t\t<p class='value'>SUN: -<\/p>\n\t\t\t\t<\/div>\n\n\t\t\t\t<div class='contact_item'>\n\t\t\t\t\t<p class='description'>Where to find us?<\/p>\n\t\t\t\t\t<p class='value'>\n\t\t\t\t\t\t\u017ditenick\u00e1 871\/5<br \/>\n\t\t\t\t\t\t190 00, Praha 9 - Prosek\n\t\t\t\t\t<\/p>\n                <\/div>\n                \n\n\n\n<p class=\"description\">Jak se k n\u00e1m dostanete?<\/p>\n\n\n\n<p>MHD ze zast\u00e1vky Madlina autobusy \u010d\u00edslo: <\/p>\n\n\n\n<ul class=\"wp-block-list\">\n<li>201 (z metra N\u00e1dra\u017e\u00ed Hole\u0161ovice)<\/li>\n\n\n\n<li>151 (z metra \u010ceskomoravsk\u00e1),<\/li>\n<\/ul>\n\n\n\n<p class=\"description\">Kde zaparkovat?<\/p>\n\n\n\n<ul class=\"wp-block-list\">\n<li>p\u0159ed ordinac\u00ed:&nbsp;m\u00e1me vyhrazen\u00e1 2 parkovac\u00ed st\u00e1n\u00ed p\u0159ed ordinaci, p\u00e1r des\u00edtek metr\u016f za z\u00e1vorou po prav\u00e9 stran\u011b s tabulkou Dental Partners,<\/li>\n\n\n\n<li>v okoln\u00edch ulic\u00edch:&nbsp;v p\u0159\u00edpad\u011b, \u017ee budou obsazen\u00e1 na\u0161e vyhrazen\u00e1 parkovac\u00ed st\u00e1n\u00ed, \u017e\u00e1d\u00e1me pacienty, aby neparkovali na parkovac\u00edch st\u00e1n\u00edch jin\u00fdch vlastn\u00edk\u016f a ani na stran\u011b domu (je tam z\u00e1kaz)&nbsp; a vyhledali parkov\u00e1n\u00ed v okoln\u00edch ulic\u00edch.<\/li>\n<\/ul>\n\n\n\n\n\t\t\t<\/div>\n\t\t<\/div>\n\n\t\t<div class='content_panel left'>\n\t\t\t<form id='contact_form' method='post' action='#kontakt'>\n\t\t\t\t<div class='row'>\n\t\t\t\t\t<div class='cell'>\n\t\t\t\t\t<label>Enter your name<\/label>\n\t\t\t\t\t<input type='text' id='i_name' name='i_name' required \/>\n\t\t\t\t\t<\/div>\n\n\t\t\t\t\t<div class='cell'>\n\t\t\t\t\t<label>Enter your email<\/label>\n\t\t\t\t\t<input type='email' id='i_email' name='i_email' required \/>\n\t\t\t\t\t<\/div>\n\t\t\t\t\t<\/div>\n\n\t\t\t\t<div class='row'>\n\t\t\t\t\t<div class='cell'>\n\t\t\t\t\t<label>Phone number<\/label>\n\t\t\t\t\t<input type='tel' pattern='+{1}[0-9]{3} [0-9]{3} [0-9]{3} [0-9]{3}' id='i_phone' name='i_phone' required \/>\n\t\t\t\t\t<\/div>\n\n\t\t\t\t\t<div class='cell'>\n\t\t\t\t\t<label>Subject<\/label>\n\t\t\t\t\t<input type='text' id='i_subject' name='i_subject' required \/>\n\t\t\t\t\t<\/div>\n\t\t\t\t<\/div>\n\t\t\t\t\n\t\t\t\t<div class='row'>\n\t\t\t\t\t<div class='colspan'>\n\t\t\t\t\t\t<label>Your message<\/label>\n\t\t\t\t\t\t<textarea id='i_text' name='i_text' required><\/textarea>\n\t\t\t\t\t<\/div>\n\t\t\t\t<\/div>\n\n\t\t\t\t<div class='row'>\n\t\t\t\t\t<div class='cell'>\n\t\t\t\t\t\t<label>What is two plus three?<\/label>\n\t\t\t\t\t\t<input type='number' id='i_antispam' name='i_antispam' required \/>\n\t\t\t\t\t<\/div>\n\t\t\t\t<\/div>\n\n\t\t\t\t<div class='row'>\n\t\t\t\t\t<div class='colspan'>\n\t\t\t\t\t\t<input type='submit' value='Send' \/>\n\t\t\t\t\t\t<input type='hidden' id='i_submitted' name='i_submitted' value='true' \/>\n\t\t\t\t\t<\/div>\n\t\t\t\t<\/div>\n\t\t\t<\/form>\n\t\t<\/div>\n        <hr class='cleaner' \/>\n    \n\n\n\n<\/div>\n\n\n\n<p><\/p>\n\n\n\n<p><\/p>\n\n\n\n<p><\/p>\n","protected":false},"excerpt":{"rendered":"<p>Na\u0161e slu\u017eby Na\u0161e zubn\u00ed ordinace poskytuje celou \u0159adu slu\u017eeb:<\/p>\n","protected":false},"author":1,"featured_media":0,"parent":0,"menu_order":0,"comment_status":"closed","ping_status":"closed","template":"page-index.php","meta":{"footnotes":""},"class_list":["post-706","page","type-page","status-publish","hentry"],"translation":{"provider":"WPGlobus","version":"3.0.2","language":"en","enabled_languages":["cz","en"],"languages":{"cz":{"title":true,"content":true,"excerpt":false},"en":{"title":false,"content":false,"excerpt":false}}},"_links":{"self":[{"href":"https:\/\/dentalpartners.cz\/en\/wp-json\/wp\/v2\/pages\/706","targetHints":{"allow":["GET"]}}],"collection":[{"href":"https:\/\/dentalpartners.cz\/en\/wp-json\/wp\/v2\/pages"}],"about":[{"href":"https:\/\/dentalpartners.cz\/en\/wp-json\/wp\/v2\/types\/page"}],"author":[{"embeddable":true,"href":"https:\/\/dentalpartners.cz\/en\/wp-json\/wp\/v2\/users\/1"}],"replies":[{"embeddable":true,"href":"https:\/\/dentalpartners.cz\/en\/wp-json\/wp\/v2\/comments?post=706"}],"version-history":[{"count":0,"href":"https:\/\/dentalpartners.cz\/en\/wp-json\/wp\/v2\/pages\/706\/revisions"}],"wp:attachment":[{"href":"https:\/\/dentalpartners.cz\/en\/wp-json\/wp\/v2\/media?parent=706"}],"curies":[{"name":"wp","href":"https:\/\/api.w.org\/{rel}","templated":true}]}}