{"id":709,"date":"2020-05-24T17:06:30","date_gmt":"2020-05-24T17:06:30","guid":{"rendered":"https:\/\/dentalpartners.cz\/?page_id=709"},"modified":"2024-09-17T17:46:57","modified_gmt":"2024-09-17T17:46:57","slug":"sluzby","status":"publish","type":"page","link":"https:\/\/dentalpartners.cz\/en\/sluzby\/","title":{"rendered":"Slu\u017eby"},"content":{"rendered":"\n<h2 class=\"wp-block-heading\" id=\"beleni-zubu\"><strong>B\u011blen\u00ed zub\u016f<\/strong><\/h2>\n\n\n<p class=\"Standard\" style=\"text-align: left;\">Barevn\u00e9 nedokonalosti zub\u016f lze vy\u0159e\u0161it pomoc\u00ed b\u011blen\u00ed zub\u016f. K tomu p\u0159istupujeme bu\u010f na p\u0159\u00e1n\u00ed pacienta anebo v p\u0159\u00edpad\u011b, kdy\u017e zhotovujeme celokeramick\u00e9 korunky p\u0159edn\u00edch zub\u016f, kdy je nutn\u00e9 zkorigovat odst\u00edn okoln\u00edch zub\u016f. Existuje n\u011bkolik druh\u016f b\u011blen\u00ed zub\u016f: dom\u00e1c\u00ed, ordina\u010dn\u00ed a vnit\u0159n\u00ed b\u011blen\u00ed zub\u016f.\u00a0<\/p>\n<p class=\"Standard\" style=\"text-align: left;\">Vnit\u0159n\u00ed b\u011blen\u00ed:\u00a0 Jedn\u00e1 se o specifick\u00fd druh b\u011blen\u00ed zub\u016f. Tento typ b\u011blen\u00ed se pou\u017e\u00edv\u00e1 v p\u0159\u00edpad\u011b, kdy do\u0161lo k zabarven\u00ed zub\u016f zevnit\u0159, v\u011bt\u0161inou v d\u016fsledk\u016f ponech\u00e1n\u00ed star\u0161\u00edho druhu ko\u0159enov\u00e9 v\u00fdpln\u011b bl\u00edzko korunkov\u00e9 \u010d\u00e1sti zubu.<\/p>\n<div>\n<div style=\"text-align: left;\">Ordina\u010dn\u00ed b\u011blen\u00ed: Po zm\u011bn\u011b legislativy EU, kdy do\u0161lo k razantn\u00edmu sn\u00ed\u017een\u00ed povolen\u00e9 koncentrac\u00ed b\u011bl\u00edc\u00edho gelu, p\u0159estalo b\u00fdt ordina\u010dn\u00ed b\u011blen\u00ed dostate\u010dn\u011b efektivn\u00ed. Efekt je v\u011bt\u0161inou kr\u00e1tkodob\u00fd.\u00a0<\/div>\n<div style=\"text-align: left;\">\u00a0<\/div>\n<div style=\"text-align: left;\">Dom\u00e1c\u00ed b\u011blen\u00ed: Jedna se o bezpe\u010dnou a efektivn\u00ed metodu b\u011blen\u00ed zub\u016f. Proto v na\u0161i ordinaci poskytujeme pacient\u016fm pr\u00e1v\u011b tento typ b\u011blen\u00ed. Po absolvov\u00e1n\u00ed n\u011bkolika cykl\u016f b\u011blen\u00ed doch\u00e1z\u00ed k ust\u00e1len\u00ed odst\u00ednu.\u00a0<\/div>\n<\/div>\n\n\n<h2 class=\"wp-block-heading\" id=\"dentalni-hygiena\"><strong>Dent\u00e1ln\u00ed hygiena<\/strong><\/h2>\n\n\n<p>N\u011bkdy sta\u010d\u00ed m\u00e1lo, aby se V\u00e1\u0161 \u00fasm\u011bv rozz\u00e1\u0159il. Nau\u010dte se spole\u010dn\u011b s n\u00e1mi pe\u010dovat o Va\u0161e zuby. Prevence je nejd\u016fle\u017eit\u011bj\u0161\u00edm faktorem pro zachov\u00e1n\u00ed zdrav\u00e9ho a kr\u00e1sn\u00e9ho chrupu.<\/p>\n<p>Dent\u00e1ln\u00ed hygiena spo\u010d\u00edv\u00e1 v profesion\u00e1ln\u00edm \u010di\u0161t\u011bn\u00ed zub\u016f a instrukt\u00e1\u017ei \u010di\u0161t\u011bn\u00ed zub\u016f pacientem (p\u0159i b\u011b\u017en\u00e9 denn\u00ed hygien\u011b). P\u0159i profesion\u00e1ln\u00edm \u010di\u0161t\u011bn\u00ed zub\u016f se odstra\u0148uje zubn\u00ed k\u00e1men a pigmenty. K odstra\u0148ov\u00e1n\u00ed zubn\u00edho kamene pou\u017e\u00edv\u00e1me \u0161etrn\u00fd ultrazvuk a ru\u010dn\u00ed n\u00e1stroje, pigmenty se odstra\u0148uj\u00ed pomoc\u00ed Air-flow. Air-flow je metoda vyu\u017e\u00edvaj\u00edc\u00ed tryskaj\u00edc\u00ed sm\u011bs vody a jemn\u00e9ho p\u00edse\u010dku sody k odstra\u0148ov\u00e1n\u00ed pigmentace ze zub\u016f.<\/p>\n<p>Dent\u00e1ln\u00ed hygienu je vhodn\u00e9 prov\u00e1d\u011bt minim\u00e1ln\u011b 2x ro\u010dn\u011b, co\u017e znamen\u00e1 v pr\u016fb\u011bhu preventivn\u00ed prohl\u00eddky a tak\u00e9 p\u0159ed b\u011blen\u00edm zub\u016f.<\/p>\n<p>Instrukt\u00e1\u017e \u010di\u0161t\u011bn\u00ed zub\u016f se doporu\u010duje prov\u00e1d\u011bt po vstupn\u00ed \u010di preventivn\u00ed prohl\u00eddce, spo\u010d\u00edv\u00e1 v uk\u00e1zce spr\u00e1vn\u00e9 techniky \u010di\u0161t\u011bn\u00ed zub\u016f na modelu a n\u00e1sledn\u011b v \u00fastech pacienta pom\u016fckami.\u00a0<\/p>\n<p>Dent\u00e1ln\u00ed hygiena nen\u00ed slo\u017eit\u00e1, vy\u017eaduje jen trochu trp\u011blivosti a \u010dasu. V na\u0161i zubn\u00ed ordinaci, pravideln\u011b kontrolujeme \u00farove\u0148 \u00fastn\u00ed hygieny na\u0161ich pacient\u016f.\u00a0\u00a0Pokud chrup pacienta i nad\u00e1le vykazuje nedostatky \u010di\u0161t\u011bn\u00ed, prov\u00e1d\u00ed se reinstrukt\u00e1\u017e, kdy je v\u0161e op\u011bt vysv\u011btleno.<\/p>\n\n\n<h2 class=\"wp-block-heading\" id=\"estetick\u00e1-stomatologie\"><strong>Estetick\u00e1 stomatologie<\/strong><\/h2>\n\n\n<p>Na\u0161\u00edm c\u00edlem je v\u017edy navrhnout \u0159e\u0161en\u00ed dle Va\u0161ich individu\u00e1ln\u00edch pot\u0159eb. P\u0159ij\u010fte se k n\u00e1m poradit, jak doc\u00edlit kr\u00e1sn\u00e9ho \u00fasm\u011bvu. V\u017edy V\u00e1m ochotn\u011b vysv\u011btl\u00edme varianty o\u0161et\u0159en\u00ed, a\u0165 u\u017e se jedn\u00e1 o kompozitn\u00ed dostavby, keramick\u00e9 korunky, fazety, m\u016fstky \u010di implant\u00e1ty.<\/p>\n<h3>Z\u00e1chovn\u00e1 stomatologie<\/h3>\n<p>Z\u00e1chovn\u00e1, jinak tak\u00e9 konzerva\u010dn\u00ed \u010di konzervativn\u00ed stomatologie, se zab\u00fdv\u00e1 p\u0159ev\u00e1\u017en\u011b o\u0161et\u0159en\u00edm tvrd\u00fdch zubn\u00edch tk\u00e1n\u00ed, tedy o\u0161et\u0159en\u00edm kazu nebo \u00farazu a jeho komplikac\u00ed. P\u0159i o\u0161et\u0159en\u00ed se sna\u017e\u00edme zachovat co nejv\u011bt\u0161\u00ed \u010d\u00e1st vlastn\u00edch dosud nepo\u0161kozen\u00fdch tvrd\u00fdch zubn\u00edch tk\u00e1n\u00ed. Z tohoto d\u016fvodu p\u0159i o\u0161et\u0159en\u00ed zubn\u00edho kazu pou\u017e\u00edv\u00e1me Carries dettector \u2013 speci\u00e1ln\u00ed roztok, kter\u00fd ozna\u010d\u00ed posti\u017een\u00e9 \u010di zdrav\u00e9 tk\u00e1n\u011b.<\/p>\n<h3>Zubn\u00ed kaz<\/h3>\n<p>Zubn\u00ed kaz je bakteriemi zp\u016fsoben\u00e9 infek\u010dn\u00ed onemocn\u011bn\u00ed, kter\u00e9 napad\u00e1 tvrd\u00e9 zubn\u00ed tk\u00e1n\u011b (sklovina, dentin, zubn\u00ed cement). Postupn\u011b se \u0161\u00ed\u0159\u00ed tvrd\u00fdmi zubn\u00edmi tk\u00e1n\u011bmi (sklovinou a posl\u00e9ze dentinem neboli zubovinou) do hloubky zubu sm\u011brem k zubn\u00ed d\u0159eni.<\/p>\n<p>Zubn\u00ed d\u0159e\u0148 neboli pulpa je tvo\u0159ena zubn\u00edm nervem a c\u00e9vami. Pokud bakteri\u00e1ln\u00ed infekce prostoup\u00ed dentinem do pulpy, doch\u00e1z\u00ed k jej\u00edmu z\u00e1n\u011btu \u2013 z\u00e1n\u011bt nervu. Tento z\u00e1n\u011bt je nevratn\u00fd a po \u010dase v\u017edy doch\u00e1z\u00ed k odum\u0159en\u00ed nervu.<\/p>\n\n\n<h2 class=\"wp-block-heading\" id=\"osetreni-zubu-s-mikroskopem\">Endodontick\u00e9 o\u0161et\u0159en\u00ed kan\u00e1lk\u016f<\/h2>\n\n\n<p>Z\u00e1sah do zubn\u00edho kan\u00e1lku nen\u00ed jednoduchou z\u00e1le\u017eitost\u00ed, vy\u017eaduje jak modern\u00ed p\u0159\u00edstrojov\u00e9 a materi\u00e1lov\u00e9 vybaven\u00ed, tak i dostatek znalost\u00ed a zku\u0161enost\u00ed z oboru endodoncie. My se v\u017edy sna\u017e\u00edme o z\u00e1chranu vlastn\u00edho zubu a co nej\u0161etrn\u011bj\u0161\u00ed proveden\u00ed samotn\u00e9ho endodontick\u00e9ho o\u0161et\u0159en\u00ed. Samoz\u0159ejmost\u00ed je bezbolestn\u00fd p\u0159\u00edb\u011bh samotn\u00e9ho &#8220;vynd\u00e1n\u00ed nervu&#8221; a pou\u017eit\u00ed mikroskopu \u010di lupov\u00fdch br\u00fdl\u00ed.<\/p>\n\n\n<h2 class=\"wp-block-heading\" id=\"zubni-nahrady\"><strong>Zubn\u00ed n\u00e1hrady \u2013 protetika<\/strong><\/h2>\n\n\n<p>Efektivn\u00ed \u0159e\u0161en\u00ed p\u0159i v\u011bt\u0161\u00edch defektech zub\u016f v\u017edy existuje a my V\u00e1m r\u00e1di porad\u00edme. A\u0165 u\u017e se jedn\u00e1 o \u010d\u00e1ste\u010dnou ztr\u00e1tu zubn\u00ed tk\u00e1n\u011b nebo ztr\u00e1tu vlastn\u00edho zubu \u010di zub\u016f.<\/p>\n<p>Nab\u00edz\u00edme pacient\u016fm cel\u00e9 spektrum fixn\u00edch a sn\u00edmateln\u00fdch n\u00e1hrad.<\/p>\n<p>Fixn\u00ed n\u00e1hrady: minim\u00e1ln\u011b invazivn\u00ed fixn\u00ed n\u00e1hrady (inleje, onleje), korunky (celokeramick\u00e9), m\u016fstky, korunky na implant\u00e1ty.<\/p>\n\n\n<h2 class=\"wp-block-heading\" id=\"parodontologie\"><strong>Parodontologie<\/strong><\/h2>\n\n\n<p>Probl\u00e9my s d\u00e1sn\u011bmi dok\u00e1\u017e\u00ed \u0159\u00e1dn\u011b potr\u00e1pit ka\u017ed\u00e9ho. V\u00edme, jak probl\u00e9m\u016fm efektivn\u011b p\u0159edch\u00e1zet a s radost\u00ed V\u00e1m porad\u00edme. Kdy\u017e u\u017e probl\u00e9m nastane, p\u0159ij\u010fte si pro radu ke zku\u0161en\u00e9mu parodontologovi \u010di dent\u00e1ln\u00ed hygienistce. \u0158e\u0161en\u00ed v\u017edy existuje.<\/p>\n<h3>L\u00e9\u010dba paradent\u00f3zy<\/h3>\n<p>D\u0159\u00edve pacienti s parodontitidou (\u010dasto ne \u00fapln\u011b spr\u00e1vn\u011b naz\u00fdv\u00e1na jako parodont\u00f3za) byli odk\u00e1z\u00e1n\u00ed na t\u00e9m\u011b\u0159 jistou ztr\u00e1tu zub\u016f. D\u0159\u00edve bylo toto onemocn\u011bn\u00ed pokl\u00e1d\u00e1no za b\u011b\u017en\u00fd projev st\u00e1rnut\u00ed organismu \u010di za projev genetick\u00fdch p\u0159edpoklad\u016f a pacient byl odsouzen k naprost\u00e9 ztr\u00e1t\u011b chrupu bez jak\u00e9koliv l\u00e9\u010dby.<\/p>\n<p>V sou\u010dasn\u00e9 dob\u011b se p\u0159\u00edstup k l\u00e9\u010db\u011b parodontitidy v\u00fdrazn\u011b zm\u011bnil. Dok\u00e1\u017eeme l\u00e9\u010dit i pokro\u010dil\u00e1 st\u00e1dia parodontitidy a tak\u00e9 diagnostikovat ran\u00e1 st\u00e1dia a v\u010dasn\u011b zah\u00e1jit l\u00e9\u010dbu. Vzhledem k tomu, \u017ee se parodontitida rozvij\u00ed dlouhodob\u011b a v\u011bt\u0161inou bez symptom\u016f (p\u0159\u00edznak\u016f) je velmi d\u016fle\u017eit\u00e1 v\u010dasn\u00e1 prevence. Pr\u00e1v\u011b proto i l\u00e9\u010dba parodontitidy je dlouhodob\u00e1. V pr\u016fb\u011bhu l\u00e9\u010dby je nezbytnou sou\u010d\u00e1st\u00ed spolupr\u00e1ce pacienta, aby dodr\u017eoval z\u00e1sady or\u00e1ln\u00ed hygieny a spr\u00e1vn\u011b a pravideln\u011b si \u010distil zuby. Proto se v\u017edy p\u0159ed zah\u00e1jen\u00edm l\u00e9\u010dby prov\u00e1d\u00ed instrukt\u00e1\u017e or\u00e1ln\u00ed hygieny. V pr\u016fb\u011bhu l\u00e9\u010dby je \u00farove\u0148 dent\u00e1ln\u00ed hygieny pravideln\u011b kontrolov\u00e1na.<\/p>\n<h3>Co m\u016f\u017ee za vznik parodontitidy?<\/h3>\n<p>Za vznik parodontitidy mohou bakterie dutiny \u00fastn\u00ed, kter\u00e9 proniknou pod d\u00e1se\u0148. Vznikne z\u00e1n\u011bt a ten pomalu ale jist\u011b rozpou\u0161t\u00ed kost, do kter\u00e9 je upevn\u011bn\u00fd zub. Kost za\u010d\u00edn\u00e1 ustupovat a vznik\u00e1 prostor mezi zubem a d\u00e1sn\u00ed, kter\u00e9mu se \u0159\u00edk\u00e1 chobot (angl. pocket=kapsa). V t\u011bchto kaps\u00e1ch se za\u010dnou mno\u017eit bakterie, vznik\u00e1 zubn\u00ed k\u00e1men, co\u017e vede k dal\u0161\u00ed destrukci kosti a prohlubov\u00e1n\u00ed tohoto chobotu.<\/p>\n<p>Cel\u00fd pr\u016fb\u011bh onemocn\u011bn\u00ed se vyzna\u010duje t\u00edm, \u017ee pacient ze za\u010d\u00e1tku nevn\u00edm\u00e1 \u017e\u00e1dn\u00e9 probl\u00e9my. P\u0159ich\u00e1z\u00ed k l\u00e9ka\u0159i v\u011bt\u0161inou v pokro\u010dilej\u0161\u00edch st\u00e1di\u00edch, kdy u\u017e je p\u0159\u00edtomna bolest a vysok\u00fd stupe\u0148 viklavosti. Proto je tak d\u016fle\u017eit\u00e1 prevence a je tak\u00e9 d\u016fle\u017eit\u00e9 v\u011bd\u011bt, \u017ee i v p\u0159\u00edpad\u011b, \u017ee pacient si na nic nest\u011b\u017euje, neznamen\u00e1 to, \u017ee nem\u00e1 pot\u00ed\u017ee.<\/p>\n<h3>\u010c\u00edm d\u0159\u00edv se zah\u00e1j\u00ed l\u00e9\u010dba, t\u00edm v\u00edce zub\u016f jsme schopni zachovat.<\/h3>\n<p>Samotn\u00e1 l\u00e9\u010dba je dlouhodob\u00e1, vy\u017eaduje v\u00edce n\u00e1v\u0161t\u011bv a m\u016f\u017ee b\u00fdt rozlo\u017eena t\u0159eba i do n\u011bkolika let. Spo\u010d\u00edv\u00e1 v \u010di\u0161t\u011bn\u00ed chobot\u016f speci\u00e1ln\u00edmi n\u00e1stroji a v p\u0159\u00edpad\u011b, \u017ee pacient dodr\u017euje z\u00e1sady or\u00e1ln\u00ed hygieny, doch\u00e1z\u00ed po \u010dase ke spojen\u00ed d\u00e1sn\u00ed se zubem a t\u00edm p\u00e1dem ke zmen\u0161en\u00ed hloubky chobotu a ke zpevn\u011bn\u00ed samotn\u00e9ho zubu.<\/p>\n\n\n<h2 class=\"wp-block-heading\" id=\"zubni-implant\u00e1ty\"><strong>Zubn\u00ed implant\u00e1ty<\/strong><\/h2>\n\n\n<p>Z implantace nemus\u00edte m\u00edt v\u016fbec strach, v\u00fdsledek bude dokonal\u00fd. Nahradit m\u016f\u017eeme jeden zub, v\u00edce zub\u016f nebo dokonce v\u0161echny zuby v \u010delisti. Variant je mnoho. V\u0161e po konzultaci se zku\u0161en\u00fdm implantologem<\/p>\n<p>Zubn\u00ed implant\u00e1t je titanov\u00fd \u0161roubovit\u00fd pil\u00ed\u0159, kter\u00fd se zavede do \u010delistn\u00ed kosti m\u00edsto chyb\u011bj\u00edc\u00edho zubu. Titan, ze kter\u00e9ho je zhotoven zubn\u00ed implant\u00e1t, je velice biokompatibiln\u00ed (dob\u0159e p\u0159ij\u00edm\u00e1n tk\u00e1n\u011bmi t\u011bla), proto \u00fasp\u011b\u0161nost p\u0159\u00edjet\u00ed dent\u00e1ln\u00edho implant\u00e1tu se pohybuje kolem 95%.<\/p>\n<h3>Mohu m\u00edt dent\u00e1ln\u00ed implant\u00e1t?<\/h3>\n<p>V sou\u010dasn\u00e9 dob\u011b se zubn\u00ed implant\u00e1ty staly dostupnou a nejv\u00edc biologickou (p\u0159irozenou) n\u00e1hradou chyb\u011bj\u00edc\u00edch zub\u016f.<\/p>\n<p>Pro zubn\u00ed implant\u00e1ty existuje jen m\u00e1lo kontraindikac\u00ed (p\u0159\u00edpad\u016f, kdy nelze dent\u00e1ln\u00ed implant\u00e1t zav\u00e9st).<\/p>\n<p>Vzhledem k tomu, \u017ee dent\u00e1ln\u00ed implant\u00e1ty se d\u00e1vaj\u00ed do kosti, je d\u016fle\u017eit\u00e9 aby m\u011bl pacient kosti dostatek. To znamen\u00e1,\u017ee \u010d\u00edm d\u0159\u00edve se po ztr\u00e1t\u011b vlastn\u00edho zubu zavede zubn\u00ed implant\u00e1t, t\u00edm jsou lep\u0161\u00ed podm\u00ednky pro dent\u00e1ln\u00ed implantaci. Po ztr\u00e1t\u011b zubu toti\u017e \u010dasem doch\u00e1z\u00ed k \u00fabytku kosti. V takov\u00fdch p\u0159\u00edpadech se b\u011bhem dent\u00e1ln\u00ed implantace p\u0159id\u00e1v\u00e1 tzv. um\u011bl\u00e1 kost. Pom\u011brn\u011b \u010dasto se s takovou situac\u00ed setk\u00e1v\u00e1me v horn\u00ed \u010delisti p\u0159i implantaci v m\u00edst\u011b ztracen\u00fdch stoli\u010dek. Bl\u00edzkost \u010delistn\u00ed dutiny znemo\u017e\u0148uje klasickou implantaci, proto se p\u0159ed t\u00edm prov\u00e1d\u00ed z\u00e1krok, kter\u00e9mu se \u0159\u00edk\u00e1 Sinus Lift.<\/p>\n<h3>V\u00fdhody zubn\u00edch implant\u00e1t\u016f<\/h3>\n<p>Zubn\u00ed implant\u00e1ty nab\u00edzej\u00ed celou \u0159\u00e1du v\u00fdhod:<\/p>\n<ul>\n<li>D\u00edky dent\u00e1ln\u00edm implant\u00e1t\u016fm u\u017e nen\u00ed nutn\u00e9 brousit zdrav\u00e9 zuby p\u0159i zhotoven\u00ed m\u016fstk\u016f v p\u0159\u00edpadech, kdy chceme o\u0161et\u0159it mezeru v \u00fastech.<br \/>Zubn\u00ed implant\u00e1t je biologick\u00e1 p\u0159irozen\u00e1 n\u00e1hrada ztracen\u00e9ho zubu, tzn. \u017ee jeden ztracen\u00fd zub se nahrazuje jedn\u00edm dent\u00e1ln\u00edm implant\u00e1tem. Ne jako v p\u0159\u00edpad\u011b zubn\u00edch m\u016fstk\u016f, kdy je p\u0159i ztr\u00e1t\u011b jednoho zubu t\u00edha t\u0159\u00ed zub\u016f nesena pouze dv\u011bma zuby.<\/li>\n<li>Vzhledem k tomu, \u017ee zubn\u00ed implant\u00e1t je zhotoven z biokompatibiln\u00edho (dob\u0159e p\u0159ij\u00edm\u00e1n tk\u00e1n\u011bmi t\u011bla) titanu, doch\u00e1z\u00ed k jevu, kter\u00e9mu se \u0159\u00edk\u00e1 oseointegrace (zabudov\u00e1n\u00ed a vhojov\u00e1n\u00ed zubn\u00edho implant\u00e1tu do kosti). Pro pacienta to znamen\u00e1, \u017ee zubn\u00ed implant\u00e1t v \u00fastech nevn\u00edm\u00e1 jako n\u011bjak\u00e9 ciz\u00ed t\u011bleso.<\/li>\n<li>\u00dasp\u011b\u0161nost o\u0161et\u0159en\u00ed dent\u00e1ln\u00edmi implant\u00e1ty je 95 % !!!<\/li>\n<li>Jedn\u00e1 se o fixn\u00ed (napevno) n\u00e1hradu chyb\u011bj\u00edc\u00edch zub\u016f. Proto zubn\u00ed implant\u00e1ty \u010dasto pou\u017e\u00edv\u00e1me u pacient\u016f, kte\u0159\u00ed maj\u00ed, nebo m\u011bli sn\u00edmateln\u00e9 n\u00e1hrady a cht\u011bj\u00ed n\u00e1hradu, kter\u00e1 se nevynd\u00e1v\u00e1 z \u00fast.<\/li>\n<li>Pomoc\u00ed dent\u00e1ln\u00edch implant\u00e1t\u016f jsme schopni o\u0161et\u0159it pacienty s v\u00edce\u010detnou nebo celkovou ztr\u00e1tou zub\u016f. V takov\u00fdch p\u0159\u00edpadech lze zhotovit n\u00e1hradu napevno, tzv. Br\u00e4nemarkuv (brenemark\u016fv) most, anebo zakotvit na men\u0161\u00edm po\u010dtu implant\u00e1t\u016f celkovou n\u00e1hradu chrupu. V druh\u00e9m p\u0159\u00edpad\u011b se jedn\u00e1 o vynd\u00e1vac\u00ed n\u00e1hradu, kter\u00e1 dr\u017e\u00ed mnohem l\u00e9pe ne\u017e klasick\u00e1 celkov\u00e1 n\u00e1hrada.<\/li>\n<\/ul>\n<p>O dal\u0161\u00edch v\u00fdhod\u00e1ch dent\u00e1ln\u00edch implant\u00e1t\u016f se m\u016f\u017eete dozv\u011bd\u011bt u n\u00e1s p\u0159i mplantologick\u00e9 konzultaci.<\/p>\n\n\n<h2 class=\"wp-block-heading\" id=\"chirurgie\"><strong>Chirurgie<\/strong><\/h2>\n\n\n<p>Pod t\u00edmto pojmem se neskr\u00fdv\u00e1 pouze vytr\u017een\u00ed zubu. Prov\u00e1d\u00edme tak\u00e9 dal\u0161\u00ed chirurgick\u00e9 v\u00fdkony, jako je dopln\u011bn\u00ed chyb\u011bj\u00edc\u00ed kosti p\u0159ed implantac\u00ed, r\u016fzn\u00e9 plastiky d\u00e1sn\u00ed \u010di parodontologick\u00e9 operace.<\/p>\n<p>A\u0165 u\u017e jste pacient otrl\u00fd nebo v\u00edce senzitivn\u00ed, v\u017edy db\u00e1me na minim\u00e1ln\u00ed \u00farove\u0148 stresu, bezbolestnost a preciznost o\u0161et\u0159en\u00ed.<\/p>","protected":false},"excerpt":{"rendered":"<p>B\u011blen\u00ed zub\u016f Barevn\u00e9 nedokonalosti zub\u016f lze vy\u0159e\u0161it pomoc\u00ed b\u011blen\u00ed zub\u016f. K tomu p\u0159istupujeme bu\u010f na p\u0159\u00e1n\u00ed pacienta anebo v p\u0159\u00edpad\u011b, kdy\u017e zhotovujeme celokeramick\u00e9 korunky p\u0159edn\u00edch zub\u016f, kdy je nutn\u00e9 zkorigovat odst\u00edn okoln\u00edch zub\u016f. Existuje n\u011bkolik druh\u016f b\u011blen\u00ed zub\u016f: dom\u00e1c\u00ed, ordina\u010dn\u00ed a vnit\u0159n\u00ed b\u011blen\u00ed zub\u016f.\u00a0 Vnit\u0159n\u00ed b\u011blen\u00ed:\u00a0 Jedn\u00e1 se o specifick\u00fd druh b\u011blen\u00ed zub\u016f. Tento typ [&hellip;]<\/p>\n","protected":false},"author":1,"featured_media":0,"parent":0,"menu_order":0,"comment_status":"closed","ping_status":"closed","template":"page-with-sidebar.php","meta":{"footnotes":""},"class_list":["post-709","page","type-page","status-publish","hentry"],"translation":{"provider":"WPGlobus","version":"3.0.2","language":"en","enabled_languages":["cz","en"],"languages":{"cz":{"title":true,"content":true,"excerpt":false},"en":{"title":false,"content":false,"excerpt":false}}},"_links":{"self":[{"href":"https:\/\/dentalpartners.cz\/en\/wp-json\/wp\/v2\/pages\/709","targetHints":{"allow":["GET"]}}],"collection":[{"href":"https:\/\/dentalpartners.cz\/en\/wp-json\/wp\/v2\/pages"}],"about":[{"href":"https:\/\/dentalpartners.cz\/en\/wp-json\/wp\/v2\/types\/page"}],"author":[{"embeddable":true,"href":"https:\/\/dentalpartners.cz\/en\/wp-json\/wp\/v2\/users\/1"}],"replies":[{"embeddable":true,"href":"https:\/\/dentalpartners.cz\/en\/wp-json\/wp\/v2\/comments?post=709"}],"version-history":[{"count":0,"href":"https:\/\/dentalpartners.cz\/en\/wp-json\/wp\/v2\/pages\/709\/revisions"}],"wp:attachment":[{"href":"https:\/\/dentalpartners.cz\/en\/wp-json\/wp\/v2\/media?parent=709"}],"curies":[{"name":"wp","href":"https:\/\/api.w.org\/{rel}","templated":true}]}}